{"id":723,"date":"2024-05-13T15:00:36","date_gmt":"2024-05-13T13:00:36","guid":{"rendered":"https:\/\/opinion-leader.org\/?page_id=723"},"modified":"2024-06-03T17:21:15","modified_gmt":"2024-06-03T15:21:15","slug":"ueber-mich","status":"publish","type":"page","link":"https:\/\/opinion-leader.org\/en\/ueber-mich\/","title":{"rendered":"about me"},"content":{"rendered":"\t\t<div data-elementor-type=\"wp-page\" data-elementor-id=\"723\" class=\"elementor elementor-723\" data-elementor-post-type=\"page\">\n\t\t\t\t<div class=\"elementor-element elementor-element-da39492 e-con-full e-flex e-con e-parent\" data-id=\"da39492\" data-element_type=\"container\" data-e-type=\"container\" data-settings=\"{&quot;background_background&quot;:&quot;classic&quot;}\">\n\t\t<div class=\"elementor-element elementor-element-e19fda3 e-flex e-con-boxed e-con e-child\" data-id=\"e19fda3\" data-element_type=\"container\" data-e-type=\"container\">\n\t\t\t\t\t<div class=\"e-con-inner\">\n\t\t\t\t<div class=\"elementor-element elementor-element-0c6d58b elementor-widget elementor-widget-heading\" data-id=\"0c6d58b\" data-element_type=\"widget\" data-e-type=\"widget\" data-widget_type=\"heading.default\">\n\t\t\t\t<div class=\"elementor-widget-container\">\n\t\t\t\t\t<h2 class=\"elementor-heading-title elementor-size-default\">Ruth<br>Gursch-Adam<\/h2>\t\t\t\t<\/div>\n\t\t\t\t<\/div>\n\t\t\t\t<div class=\"elementor-element elementor-element-da9d92b elementor-widget elementor-widget-text-editor\" data-id=\"da9d92b\" data-element_type=\"widget\" data-e-type=\"widget\" data-widget_type=\"text-editor.default\">\n\t\t\t\t<div class=\"elementor-widget-container\">\n\t\t\t\t\t\t\t\t\t<p>Mentorin f\u00fcr F\u00fchrungskr\u00e4fte aus Politik und Wirtschaft.<br \/>Mit Fachwissen mehr Menschlichkeit und Mitgef\u00fchl in der Kommunikation kultivieren<\/p>\t\t\t\t\t\t\t\t<\/div>\n\t\t\t\t<\/div>\n\t\t\t\t<div class=\"elementor-element elementor-element-e31d0cb elementor-widget-divider--view-line elementor-widget elementor-widget-divider\" data-id=\"e31d0cb\" data-element_type=\"widget\" data-e-type=\"widget\" data-widget_type=\"divider.default\">\n\t\t\t\t<div class=\"elementor-widget-container\">\n\t\t\t\t\t\t\t<div class=\"elementor-divider\">\n\t\t\t<span class=\"elementor-divider-separator\">\n\t\t\t\t\t\t<\/span>\n\t\t<\/div>\n\t\t\t\t\t\t<\/div>\n\t\t\t\t<\/div>\n\t\t\t\t<div class=\"elementor-element elementor-element-3293e9e elementor-mobile-align-center elementor-widget elementor-widget-global elementor-global-333 elementor-widget-button\" data-id=\"3293e9e\" data-element_type=\"widget\" data-e-type=\"widget\" data-widget_type=\"button.default\">\n\t\t\t\t<div class=\"elementor-widget-container\">\n\t\t\t\t\t\t\t\t\t<div class=\"elementor-button-wrapper\">\n\t\t\t\t\t<a class=\"elementor-button elementor-button-link elementor-size-sm\" href=\"https:\/\/opinion-leader.org\/#kontakt\">\n\t\t\t\t\t\t<span class=\"elementor-button-content-wrapper\">\n\t\t\t\t\t\t\t\t\t<span class=\"elementor-button-text\">ein Gespr\u00e4ch buchen<\/span>\n\t\t\t\t\t<\/span>\n\t\t\t\t\t<\/a>\n\t\t\t\t<\/div>\n\t\t\t\t\t\t\t\t<\/div>\n\t\t\t\t<\/div>\n\t\t\t\t\t<\/div>\n\t\t\t\t<\/div>\n\t\t<div class=\"elementor-element elementor-element-aefa86d e-flex e-con-boxed e-con e-child\" data-id=\"aefa86d\" data-element_type=\"container\" data-e-type=\"container\">\n\t\t\t\t\t<div class=\"e-con-inner\">\n\t\t\t\t<div class=\"elementor-element elementor-element-e9943da elementor-widget elementor-widget-image\" data-id=\"e9943da\" data-element_type=\"widget\" data-e-type=\"widget\" data-widget_type=\"image.default\">\n\t\t\t\t<div class=\"elementor-widget-container\">\n\t\t\t\t\t\t\t\t\t\t\t\t\t\t\t<img loading=\"lazy\" decoding=\"async\" width=\"616\" height=\"1000\" src=\"https:\/\/opinion-leader.org\/wp-content\/uploads\/2024\/05\/Ruth-Hero-Section-ueber-mich-616x1000-1.webp\" class=\"attachment-large size-large wp-image-728\" alt=\"\" srcset=\"https:\/\/opinion-leader.org\/wp-content\/uploads\/2024\/05\/Ruth-Hero-Section-ueber-mich-616x1000-1.webp 616w, https:\/\/opinion-leader.org\/wp-content\/uploads\/2024\/05\/Ruth-Hero-Section-ueber-mich-616x1000-1-185x300.webp 185w, https:\/\/opinion-leader.org\/wp-content\/uploads\/2024\/05\/Ruth-Hero-Section-ueber-mich-616x1000-1-7x12.webp 7w\" sizes=\"auto, (max-width: 616px) 100vw, 616px\" \/>\t\t\t\t\t\t\t\t\t\t\t\t\t\t\t<\/div>\n\t\t\t\t<\/div>\n\t\t\t\t\t<\/div>\n\t\t\t\t<\/div>\n\t\t\t\t<\/div>\n\t\t<div class=\"elementor-element elementor-element-rtu8yad e-flex e-con-boxed e-con e-parent\" data-id=\"rtu8yad\" data-element_type=\"container\" data-e-type=\"container\">\n\t\t\t\t\t<div class=\"e-con-inner\">\n\t\t\t\t<div class=\"elementor-element elementor-element-dfe119d elementor-widget elementor-widget-text-editor\" data-id=\"dfe119d\" data-element_type=\"widget\" data-e-type=\"widget\" data-widget_type=\"text-editor.default\">\n\t\t\t\t<div class=\"elementor-widget-container\">\n\t\t\t\t\t\t\t\t\t<p>Ich bin Ruth und lebe derzeit in \u00d6sterreich, im Herzen Europas. Derzeit, weil ich auch in Zimbabwe in London ein Domizil habe und zwischen den Kontinenten auf der ganzen Welt unterwegs bin. Ich habe Politikwissenschaft und Internationale Beziehungen an renommierten Universit\u00e4ten in Pretoria\/S\u00fcdafrika und \u00d6sterreich studiert und abgeschlossen. Meine Karriere umfasst \u00fcber 30 Jahre Erfahrung in diplomatischen Missionen in verschiedenen L\u00e4ndern sowie in internationalen UN- und EU-Agenturen sowie der OSZE.<\/p><p>Heute begleite ich als Mentorin international t\u00e4tige F\u00fchrungspers\u00f6nlichkeiten in Politik und Wirtschaft bei Verhandlungen. Angepasst an die Herausforderungen der Zeit biete ich auch unkonventionelle und rasch umsetzbare Praktiken im Krisenmanagement, Konfliktpr\u00e4vention.<\/p><p>Kunden sch\u00e4tzen meine langj\u00e4hrige diplomatische Erfahrung und F\u00e4higkeiten erfolgreicher Kommunikationsf\u00fchrung mit internationalen Akteuren f\u00fcr Verhandlungen im privaten als auch im gesch\u00e4ftlichen Rahmen.<\/p>\t\t\t\t\t\t\t\t<\/div>\n\t\t\t\t<\/div>\n\t\t\t\t\t<\/div>\n\t\t\t\t<\/div>\n\t\t<div class=\"elementor-element elementor-element-c9ba7be e-flex e-con-boxed e-con e-parent\" data-id=\"c9ba7be\" data-element_type=\"container\" data-e-type=\"container\" data-settings=\"{&quot;background_background&quot;:&quot;classic&quot;}\">\n\t\t\t\t\t<div class=\"e-con-inner\">\n\t\t<div class=\"elementor-element elementor-element-d9c0329 e-con-full e-flex e-con e-child\" data-id=\"d9c0329\" data-element_type=\"container\" data-e-type=\"container\">\n\t\t\t\t<div class=\"elementor-element elementor-element-09e3323 elementor-widget elementor-widget-heading\" data-id=\"09e3323\" data-element_type=\"widget\" data-e-type=\"widget\" data-widget_type=\"heading.default\">\n\t\t\t\t<div class=\"elementor-widget-container\">\n\t\t\t\t\t<h2 class=\"elementor-heading-title elementor-size-default\">Was mich pers\u00f6nlich ausmacht<\/h2>\t\t\t\t<\/div>\n\t\t\t\t<\/div>\n\t\t\t\t<div class=\"elementor-element elementor-element-d62871e elementor-widget elementor-widget-text-editor\" data-id=\"d62871e\" data-element_type=\"widget\" data-e-type=\"widget\" data-widget_type=\"text-editor.default\">\n\t\t\t\t<div class=\"elementor-widget-container\">\n\t\t\t\t\t\t\t\t\t<p>In der Schule wurden wir gedrillt, auswendig lernen und Wissen in unsere K\u00f6pfe pauken. Die Universit\u00e4t des Lebens lehrte mich \u201estreetwise\u201c zu werden, eine ausgepr\u00e4gte soziale Intelligenz und praktische F\u00e4higkeiten zu entwickeln. Ob im B\u00fcrgerkrieg in Afrika oder \u00fcber viele Jahre als alleinerziehende Mama mit meinem Sohn im Karussell der internationalen Diplomatie, es galt neben umfassenden know-how, vor allem unkonventionell, schlau und einfallsreich die ausgesprochen schwierigen Realit\u00e4ten des Lebens erfolgreich zu meistern. <\/p><p>\u00dcber viele Jahrzehnte baute ich Wissen und vielf\u00e4ltige gelebte Erfahrung auf, die ich meinen Kunden weitergeben kann, sodass auch sie sich in verschiedenen beruflichen Situationen und sozialen Umgebungen erfolgreich bewegen. <\/p><p>Mein wundervollster Lehrmeister im Leben war und ist mein Ehemann, unser Leben findet mit Liebe und Achtung, mit der Bereitschaft zu Kompromissen und gelebter Leichtigkeit quer durch die Kulturen und \u00fcber die Kontinente hinweg statt. <\/p><p>Menschlichkeit, Empathie und ein hohes Ma\u00df an sozialer Kompetenz, durchmischt mit geeignetem Engagement, Fachwissen und Flexibilit\u00e4t, um sich immer wieder auf ver\u00e4nderliche Umst\u00e4nde einzustellen, bilden eine solide Basis f\u00fcr Erfolg.<\/p>\t\t\t\t\t\t\t\t<\/div>\n\t\t\t\t<\/div>\n\t\t\t\t<\/div>\n\t\t\t\t\t<\/div>\n\t\t\t\t<\/div>\n\t\t<div class=\"elementor-element elementor-element-6bd808f e-flex e-con-boxed e-con e-parent\" data-id=\"6bd808f\" data-element_type=\"container\" data-e-type=\"container\" data-settings=\"{&quot;background_background&quot;:&quot;gradient&quot;}\">\n\t\t\t\t\t<div class=\"e-con-inner\">\n\t\t\t\t<div class=\"elementor-element elementor-element-dd563c0 elementor-widget elementor-widget-shortcode\" data-id=\"dd563c0\" data-element_type=\"widget\" data-e-type=\"widget\" data-widget_type=\"shortcode.default\">\n\t\t\t\t<div class=\"elementor-widget-container\">\n\t\t\t\t\t\t\t<div class=\"elementor-shortcode\">\t\t<div data-elementor-type=\"section\" data-elementor-id=\"356\" class=\"elementor elementor-356\" data-elementor-post-type=\"elementor_library\">\n\t\t\t<div class=\"elementor-element elementor-element-7fba44f0 e-flex e-con-boxed e-con e-parent\" data-id=\"7fba44f0\" data-element_type=\"container\" data-e-type=\"container\" data-settings=\"{&quot;background_background&quot;:&quot;classic&quot;}\">\n\t\t\t\t\t<div class=\"e-con-inner\">\n\t\t\t\t<div class=\"elementor-element elementor-element-0df81c4 elementor-widget elementor-widget-menu-anchor\" data-id=\"0df81c4\" data-element_type=\"widget\" data-e-type=\"widget\" data-widget_type=\"menu-anchor.default\">\n\t\t\t\t<div class=\"elementor-widget-container\">\n\t\t\t\t\t\t\t<div class=\"elementor-menu-anchor\" id=\"kontakt\"><\/div>\n\t\t\t\t\t\t<\/div>\n\t\t\t\t<\/div>\n\t\t<div class=\"elementor-element elementor-element-4642fcc1 e-con-full e-flex e-con e-child\" data-id=\"4642fcc1\" data-element_type=\"container\" data-e-type=\"container\" data-settings=\"{&quot;background_background&quot;:&quot;classic&quot;}\">\n\t\t\t\t<\/div>\n\t\t<div class=\"elementor-element elementor-element-31aa1a48 e-con-full e-flex e-con e-child\" data-id=\"31aa1a48\" data-element_type=\"container\" data-e-type=\"container\" data-settings=\"{&quot;background_background&quot;:&quot;classic&quot;}\">\n\t\t\t\t<div class=\"elementor-element elementor-element-770810 elementor-invisible elementor-widget elementor-widget-heading\" data-id=\"770810\" data-element_type=\"widget\" data-e-type=\"widget\" data-settings=\"{&quot;_animation&quot;:&quot;fadeInUp&quot;}\" data-widget_type=\"heading.default\">\n\t\t\t\t<div class=\"elementor-widget-container\">\n\t\t\t\t\t<h1 class=\"elementor-heading-title elementor-size-default\">Wie kann ich Ihnen helfen?<\/h1>\t\t\t\t<\/div>\n\t\t\t\t<\/div>\n\t\t\t\t<div class=\"elementor-element elementor-element-7a463804 elementor-button-align-center elementor-widget elementor-widget-form\" data-id=\"7a463804\" data-element_type=\"widget\" data-e-type=\"widget\" data-settings=\"{&quot;step_next_label&quot;:&quot;Next&quot;,&quot;step_previous_label&quot;:&quot;Previous&quot;,&quot;button_width&quot;:&quot;100&quot;,&quot;step_type&quot;:&quot;number_text&quot;,&quot;step_icon_shape&quot;:&quot;circle&quot;}\" data-no-translation=\"\" data-widget_type=\"form.default\">\n\t\t\t\t<div class=\"elementor-widget-container\">\n\t\t\t\t\t<style>.elementor-element-7a463804{display:none !important}<\/style>\t\t\t\t<\/div>\n\t\t\t\t<\/div>\n\t\t\t\t<div class=\"elementor-element elementor-element-6ce3dba elementor-button-align-center elementor-widget elementor-widget-form\" data-id=\"6ce3dba\" data-element_type=\"widget\" data-e-type=\"widget\" data-settings=\"{&quot;step_next_label&quot;:&quot;Next&quot;,&quot;step_previous_label&quot;:&quot;Previous&quot;,&quot;button_width&quot;:&quot;100&quot;,&quot;step_type&quot;:&quot;number_text&quot;,&quot;step_icon_shape&quot;:&quot;circle&quot;}\" data-no-translation=\"\" data-widget_type=\"form.default\">\n\t\t\t\t<div class=\"elementor-widget-container\">\n\t\t\t\t\t\t\t<form class=\"elementor-form\" method=\"post\" name=\"Kontaktformular\" aria-label=\"Kontaktformular\" novalidate=\"\">\n\t\t\t<input type=\"hidden\" name=\"post_id\" value=\"356\"\/>\n\t\t\t<input type=\"hidden\" name=\"form_id\" value=\"6ce3dba\"\/>\n\t\t\t<input type=\"hidden\" name=\"referer_title\" value=\"\" \/>\n\n\t\t\t\n\t\t\t<div class=\"elementor-form-fields-wrapper elementor-labels-\">\n\t\t\t\t\t\t\t\t<div class=\"elementor-field-type-text elementor-field-group elementor-column elementor-field-group-name elementor-col-100 elementor-field-required\">\n\t\t\t\t\t\t\t\t\t\t\t\t<label for=\"form-field-name\" class=\"elementor-field-label elementor-screen-only\">\n\t\t\t\t\t\t\t\tName*\t\t\t\t\t\t\t<\/label>\n\t\t\t\t\t\t\t\t\t\t\t\t\t\t<input size=\"1\" type=\"text\" name=\"form_fields[name]\" id=\"form-field-name\" class=\"elementor-field elementor-size-sm  elementor-field-textual\" placeholder=\"Name*\" required=\"required\">\n\t\t\t\t\t\t\t\t\t\t\t<\/div>\n\t\t\t\t\t\t\t\t<div class=\"elementor-field-type-email elementor-field-group elementor-column elementor-field-group-email elementor-col-100 elementor-field-required\">\n\t\t\t\t\t\t\t\t\t\t\t\t<label for=\"form-field-email\" class=\"elementor-field-label elementor-screen-only\">\n\t\t\t\t\t\t\t\tMail*\t\t\t\t\t\t\t<\/label>\n\t\t\t\t\t\t\t\t\t\t\t\t\t\t<input size=\"1\" type=\"email\" name=\"form_fields[email]\" id=\"form-field-email\" class=\"elementor-field elementor-size-sm  elementor-field-textual\" placeholder=\"Mail*\" required=\"required\">\n\t\t\t\t\t\t\t\t\t\t\t<\/div>\n\t\t\t\t\t\t\t\t<div class=\"elementor-field-type-textarea elementor-field-group elementor-column elementor-field-group-message elementor-col-100 elementor-field-required\">\n\t\t\t\t\t\t\t\t\t\t\t\t<label for=\"form-field-message\" class=\"elementor-field-label elementor-screen-only\">\n\t\t\t\t\t\t\t\tmessage*\t\t\t\t\t\t\t<\/label>\n\t\t\t\t\t\t<textarea class=\"elementor-field-textual elementor-field  elementor-size-sm\" name=\"form_fields[message]\" id=\"form-field-message\" rows=\"3\" placeholder=\"Message*\" required=\"required\"><\/textarea>\t\t\t\t<\/div>\n\t\t\t\t\t\t\t\t<div class=\"elementor-field-type-acceptance elementor-field-group elementor-column elementor-field-group-field_72cdec6 elementor-col-100 elementor-field-required\">\n\t\t\t\t\t\t\t\t\t\t\t\t<label for=\"form-field-field_72cdec6\" class=\"elementor-field-label elementor-screen-only\">\n\t\t\t\t\t\t\t\tData protection agreement\t\t\t\t\t\t\t<\/label>\n\t\t\t\t\t\t\t\t<div class=\"elementor-field-subgroup\">\n\t\t\t<span class=\"elementor-field-option\">\n\t\t\t\t<input type=\"checkbox\" name=\"form_fields[field_72cdec6]\" id=\"form-field-field_72cdec6\" class=\"elementor-field elementor-size-sm  elementor-acceptance-field\" required=\"required\">\n\t\t\t\t<label for=\"form-field-field_72cdec6\">I accept the <a href=\"https:\/\/opinion-leader.org\/en\/datenschutzvereinbarung\/\" title=\"Data protection agreement\">Data protection agreement<\/a> and agree to the collection\/storage of my data for the purpose of contacting me.<\/label>\t\t\t<\/span>\n\t\t<\/div>\n\t\t\t\t\t\t<\/div>\n\t\t\t\t\t\t\t\t<div class=\"elementor-field-group elementor-column elementor-field-type-submit elementor-col-100 e-form__buttons\">\n\t\t\t\t\t<button class=\"elementor-button elementor-size-sm\" type=\"submit\">\n\t\t\t\t\t\t<span class=\"elementor-button-content-wrapper\">\n\t\t\t\t\t\t\t\t\t\t\t\t\t\t\t\t\t\t\t\t\t\t<span class=\"elementor-button-text\">Send<\/span>\n\t\t\t\t\t\t\t\t\t\t\t\t\t<\/span>\n\t\t\t\t\t<\/button>\n\t\t\t\t<\/div>\n\t\t\t<\/div>\n\t\t<\/form>\n\t\t\t\t\t\t<\/div>\n\t\t\t\t<\/div>\n\t\t\t\t<\/div>\n\t\t\t\t\t<\/div>\n\t\t\t\t<\/div>\n\t\t\t\t<\/div>\n\t\t<\/div>\n\t\t\t\t\t\t<\/div>\n\t\t\t\t<\/div>\n\t\t\t\t\t<\/div>\n\t\t\t\t<\/div>\n\t\t\t\t<\/div>\n\t\t","protected":false},"excerpt":{"rendered":"<p>RuthGursch-Adam Mentorin f\u00fcr F\u00fchrungskr\u00e4fte aus Politik und Wirtschaft.Mit Fachwissen mehr Menschlichkeit und Mitgef\u00fchl in der Kommunikation kultivieren ein Gespr\u00e4ch buchen Ich bin Ruth und lebe derzeit in \u00d6sterreich, im Herzen Europas. Derzeit, weil ich auch in Zimbabwe in London ein Domizil habe und zwischen den Kontinenten auf der ganzen Welt unterwegs bin. Ich habe Politikwissenschaft [&hellip;]<\/p>\n","protected":false},"author":1,"featured_media":0,"parent":0,"menu_order":4,"comment_status":"closed","ping_status":"closed","template":"elementor_header_footer","meta":{"footnotes":""},"class_list":["post-723","page","type-page","status-publish","hentry"],"_links":{"self":[{"href":"https:\/\/opinion-leader.org\/en\/wp-json\/wp\/v2\/pages\/723","targetHints":{"allow":["GET"]}}],"collection":[{"href":"https:\/\/opinion-leader.org\/en\/wp-json\/wp\/v2\/pages"}],"about":[{"href":"https:\/\/opinion-leader.org\/en\/wp-json\/wp\/v2\/types\/page"}],"author":[{"embeddable":true,"href":"https:\/\/opinion-leader.org\/en\/wp-json\/wp\/v2\/users\/1"}],"replies":[{"embeddable":true,"href":"https:\/\/opinion-leader.org\/en\/wp-json\/wp\/v2\/comments?post=723"}],"version-history":[{"count":0,"href":"https:\/\/opinion-leader.org\/en\/wp-json\/wp\/v2\/pages\/723\/revisions"}],"wp:attachment":[{"href":"https:\/\/opinion-leader.org\/en\/wp-json\/wp\/v2\/media?parent=723"}],"curies":[{"name":"wp","href":"https:\/\/api.w.org\/{rel}","templated":true}]}}